{"id":2414,"date":"2026-04-04T10:04:50","date_gmt":"2026-04-04T07:04:50","guid":{"rendered":"https:\/\/finemeats.ro\/?post_type=product&#038;p=2414"},"modified":"2026-04-04T10:07:50","modified_gmt":"2026-04-04T07:07:50","slug":"platou-traditional-mezeluri-premium-1kg","status":"publish","type":"product","link":"https:\/\/finemeats.ro\/en\/produs\/platou-traditional-mezeluri-premium-1kg\/","title":{"rendered":"Platou Tradi\u021bional cu Produse Premium din Carne (1 KG &#8211; 4 Persoane)"},"content":{"rendered":"<p><strong>Descoper\u0103 varianta noastr\u0103 de Platou Tradi\u021bional cu Produse Premium din Carne (1 kg &#8211; 4 Persoane) \u0219i bun\u0103t\u0103\u021buri ardelene\u0219ti de la Smoked In Transylvania. Fie c\u0103 ai nevoie pentru Cr\u0103ciun sau Pa\u0219te, combina\u021bia noastr\u0103 de produse sunt potrivite pentru orice ocazie unde vrei s\u0103 impresionezi.<\/strong><\/p>\n<hr \/>\n<p><strong>INGREDIENTE: <\/strong>Mu\u0219chiule\u021b<em> Afumat de Porc, Salam din Ceaf\u0103 Pepper Crust, Pastram\u0103 de Porc, Sl\u0103ninu\u021b\u0103 Premium Afumat\u0103 cu Carne, Ceaf\u0103 Maturat\u0103 \u0219i Afumat\u0103, Salam Uscat Summer Dried, C\u00e2rna\u021bi Usca\u021bi, Cotlet Afumat, C\u00e2rna\u021bi Sub\u021biri Usca\u021bi \u0219i Afuma\u021bi Sticks, Salam Classic (Porc &amp; Vit\u0103), Bacon Afumat. 10% br\u00e2nz\u0103 maturat\u0103 \u0219i decor de m\u0103sline \u0219i jumeri.<\/em><\/p>\n<hr \/>\n<p><strong>GRAMAJ: <\/strong>1 KG &#8211; potrivit pentru 4 persoane.<\/p>\n<hr \/>\n<p>A se p\u0103stra la o temperatur\u0103 cuprins\u0103 \u00eentre +2\u00b0C \u0219i +4\u00baC.<br \/>\nDup\u0103 deschidere, a se consuma \u00een decurs de 2 zile.<\/p>\n","protected":false},"excerpt":{"rendered":"<p>Descoper\u0103 varianta noastr\u0103 de Platou Tradi\u021bional cu Produse Premium din Carne (1 kg &#8211; 4 Persoane) \u0219i bun\u0103t\u0103\u021buri ardelene\u0219ti de la Smoked In Transylvania. Fie c\u0103 ai nevoie pentru Cr\u0103ciun sau Pa\u0219te, combina\u021bia noastr\u0103 de produse sunt potrivite pentru orice ocazie unde vrei s\u0103 impresionezi. INGREDIENTE: Mu\u0219chiule\u021b Afumat de Porc, Salam din Ceaf\u0103 Pepper Crust, [&hellip;]<\/p>\n","protected":false},"featured_media":2415,"template":"","meta":{"_acf_changed":false,"inline_featured_image":false},"product_brand":[],"product_cat":[151],"product_tag":[153,152],"class_list":{"0":"post-2414","1":"product","2":"type-product","3":"status-publish","4":"has-post-thumbnail","6":"product_cat-platouri","7":"product_tag-platou-mezeluri","8":"product_tag-platou-traditional","10":"first","11":"instock","12":"sale","13":"taxable","14":"shipping-taxable","15":"purchasable","16":"product-type-simple"},"acf":[],"aioseo_notices":[],"_links":{"self":[{"href":"https:\/\/finemeats.ro\/en\/wp-json\/wp\/v2\/product\/2414","targetHints":{"allow":["GET"]}}],"collection":[{"href":"https:\/\/finemeats.ro\/en\/wp-json\/wp\/v2\/product"}],"about":[{"href":"https:\/\/finemeats.ro\/en\/wp-json\/wp\/v2\/types\/product"}],"wp:featuredmedia":[{"embeddable":true,"href":"https:\/\/finemeats.ro\/en\/wp-json\/wp\/v2\/media\/2415"}],"wp:attachment":[{"href":"https:\/\/finemeats.ro\/en\/wp-json\/wp\/v2\/media?parent=2414"}],"wp:term":[{"taxonomy":"product_brand","embeddable":true,"href":"https:\/\/finemeats.ro\/en\/wp-json\/wp\/v2\/product_brand?post=2414"},{"taxonomy":"product_cat","embeddable":true,"href":"https:\/\/finemeats.ro\/en\/wp-json\/wp\/v2\/product_cat?post=2414"},{"taxonomy":"product_tag","embeddable":true,"href":"https:\/\/finemeats.ro\/en\/wp-json\/wp\/v2\/product_tag?post=2414"}],"curies":[{"name":"wp","href":"https:\/\/api.w.org\/{rel}","templated":true}]}}